{"id":49,"date":"2016-04-20T06:45:41","date_gmt":"2016-04-20T03:45:41","guid":{"rendered":"https:\/\/xml-io.proteusthemes.com\/bolts\/?page_id=49"},"modified":"2018-02-25T21:36:17","modified_gmt":"2018-02-25T18:36:17","slug":"insaat-temizligi","status":"publish","type":"page","link":"https:\/\/www.bientemizlik.com.tr\/?page_id=49","title":{"rendered":"\u0130n\u015faat Temizli\u011fi"},"content":{"rendered":"<p>[vc_row][vc_column width=&#8221;1\/3&#8243;][vc_single_image image=&#8221;1057&#8243; img_size=&#8221;full&#8221; alignment=&#8221;center&#8221;][\/vc_column][vc_column width=&#8221;2\/3&#8243;][vc_column_text]Temizlik sekt\u00f6r\u00fcndeki deneyimimizle in\u015faat sonras\u0131 temizlik taleplerinizi profesyonel olarak yerine getirmekteyiz. Son y\u0131llarda h\u0131zl\u0131 bir \u015fekilde artan yap\u0131lar ve sonras\u0131ndaki daire sat\u0131\u015flar\u0131 sonucu in\u015faat sonras\u0131 temizlik talepleri artm\u0131\u015ft\u0131r. Bu talepleri do\u011fru yerine getirmek i\u00e7in uzman personelimizle sizlere \u00e7\u00f6z\u00fcmler sunmaktay\u0131z.[\/vc_column_text][\/vc_column][\/vc_row]<\/p>\n","protected":false},"excerpt":{"rendered":"<p>Structures that last are built with Bolts<\/p>\n","protected":false},"author":1,"featured_media":1057,"parent":25,"menu_order":0,"comment_status":"closed","ping_status":"closed","template":"","meta":{"_acf_changed":false,"ngg_post_thumbnail":0,"footnotes":""},"acf":[],"_links":{"self":[{"href":"https:\/\/www.bientemizlik.com.tr\/index.php?rest_route=\/wp\/v2\/pages\/49"}],"collection":[{"href":"https:\/\/www.bientemizlik.com.tr\/index.php?rest_route=\/wp\/v2\/pages"}],"about":[{"href":"https:\/\/www.bientemizlik.com.tr\/index.php?rest_route=\/wp\/v2\/types\/page"}],"author":[{"embeddable":true,"href":"https:\/\/www.bientemizlik.com.tr\/index.php?rest_route=\/wp\/v2\/users\/1"}],"replies":[{"embeddable":true,"href":"https:\/\/www.bientemizlik.com.tr\/index.php?rest_route=%2Fwp%2Fv2%2Fcomments&post=49"}],"version-history":[{"count":5,"href":"https:\/\/www.bientemizlik.com.tr\/index.php?rest_route=\/wp\/v2\/pages\/49\/revisions"}],"predecessor-version":[{"id":1084,"href":"https:\/\/www.bientemizlik.com.tr\/index.php?rest_route=\/wp\/v2\/pages\/49\/revisions\/1084"}],"up":[{"embeddable":true,"href":"https:\/\/www.bientemizlik.com.tr\/index.php?rest_route=\/wp\/v2\/pages\/25"}],"wp:featuredmedia":[{"embeddable":true,"href":"https:\/\/www.bientemizlik.com.tr\/index.php?rest_route=\/wp\/v2\/media\/1057"}],"wp:attachment":[{"href":"https:\/\/www.bientemizlik.com.tr\/index.php?rest_route=%2Fwp%2Fv2%2Fmedia&parent=49"}],"curies":[{"name":"wp","href":"https:\/\/api.w.org\/{rel}","templated":true}]}}