{"id":6,"date":"2016-04-11T12:24:42","date_gmt":"2016-04-11T09:24:42","guid":{"rendered":"https:\/\/xml-io.proteusthemes.com\/bolts\/?page_id=6"},"modified":"2020-08-11T17:06:36","modified_gmt":"2020-08-11T14:06:36","slug":"anasayfa","status":"publish","type":"page","link":"https:\/\/www.bientemizlik.com.tr\/","title":{"rendered":"Anasayfa"},"content":{"rendered":"<p>[vc_row full_width=&#8221;stretch_row_content_no_spaces&#8221; css=&#8221;.vc_custom_1519590764019{margin-top: -90px !important;}&#8221;][vc_column][rev_slider_vc alias=&#8221;slayt&#8221;][\/vc_column][\/vc_row][vc_row css=&#8221;.vc_custom_1519582484922{padding-bottom: 15px !important;}&#8221;][vc_column][vc_custom_heading text=&#8221;Deneyimli Kadromuzla Temizlik Alan\u0131nda Fark Yarat\u0131yoruz.&#8221; font_container=&#8221;tag:h2|font_size:32|text_align:center|color:%231e73be|line_height:1&#8243; google_fonts=&#8221;font_family:Lobster%3Aregular|font_style:400%20regular%3A400%3Anormal&#8221;][\/vc_column][\/vc_row][vc_row][vc_column][vc_separator][\/vc_column][\/vc_row][vc_row][vc_column width=&#8221;1\/3&#8243;]<div class=\"ult-new-ib ult-ib-effect-style15  ult-ib-resp  \" data-min-width=\"768\" data-max-width=\"900\" style=\"\" data-opacity=\"0.8\" data-hover-opacity=\"0.9\" ><img decoding=\"async\" class=\"ult-new-ib-img\" style=\"opacity:0.8;\" alt=\"null\" src=\"https:\/\/www.bientemizlik.com.tr\/wp-content\/uploads\/2018\/02\/izmir-insaat-temizligi.jpg\"   \/><div id=\"interactive-banner-wrap-3263\" class=\"ult-new-ib-desc\" style=\"\"><h2 class=\"ult-new-ib-title ult-responsive\"  data-ultimate-target='#interactive-banner-wrap-3263 .ult-new-ib-title'  data-responsive-json-new='{\"font-size\":\"desktop:22px;\",\"line-height\":\"\"}'  style=\"font-weight:normal;color:#ffffff;\">\u0130n\u015faat Temizli\u011fi<\/h2><\/div><a class=\"ult-new-ib-link\" href=\"http:\/\/www.bientemizlik.com.tr\/cozumlerimiz\/insaat-temizligi\"  ><\/a><\/div><script type=\"text\/javascript\">\n\t\t\t(function($){\n\t\t\t\t$(document).ready(function(){\n\t\t\t\t\t$(\".ult-new-ib\").css(\"opacity\",\"1\");\n\t\t\t\t});\n\t\t\t})(jQuery);\n\t\t\t<\/script><div class=\"ult-new-ib ult-ib-effect-style15  ult-ib-resp  \" data-min-width=\"768\" data-max-width=\"900\" style=\"\" data-opacity=\"0.8\" data-hover-opacity=\"0.9\" ><img decoding=\"async\" class=\"ult-new-ib-img\" style=\"opacity:0.8;\" alt=\"null\" src=\"https:\/\/www.bientemizlik.com.tr\/wp-content\/uploads\/2018\/02\/ofis-temizligi.jpg\"   \/><div id=\"interactive-banner-wrap-2191\" class=\"ult-new-ib-desc\" style=\"\"><h2 class=\"ult-new-ib-title ult-responsive\"  data-ultimate-target='#interactive-banner-wrap-2191 .ult-new-ib-title'  data-responsive-json-new='{\"font-size\":\"desktop:22px;\",\"line-height\":\"\"}'  style=\"font-weight:normal;color:#ffffff;\">Ofis Temizli\u011fi<\/h2><\/div><a class=\"ult-new-ib-link\" href=\"http:\/\/www.bientemizlik.com.tr\/cozumlerimiz\/ofis-temizligi\"  ><\/a><\/div><script type=\"text\/javascript\">\n\t\t\t(function($){\n\t\t\t\t$(document).ready(function(){\n\t\t\t\t\t$(\".ult-new-ib\").css(\"opacity\",\"1\");\n\t\t\t\t});\n\t\t\t})(jQuery);\n\t\t\t<\/script>[\/vc_column][vc_column width=&#8221;1\/3&#8243;]<div class=\"ult-new-ib ult-ib-effect-style15  ult-ib-resp  \" data-min-width=\"768\" data-max-width=\"900\" style=\"\" data-opacity=\"0.8\" data-hover-opacity=\"0.9\" ><img decoding=\"async\" class=\"ult-new-ib-img\" style=\"opacity:0.8;\" alt=\"null\" src=\"https:\/\/www.bientemizlik.com.tr\/wp-content\/uploads\/2018\/02\/dis-cephe-temizligi.jpg\"   \/><div id=\"interactive-banner-wrap-5820\" class=\"ult-new-ib-desc\" style=\"\"><h2 class=\"ult-new-ib-title ult-responsive\"  data-ultimate-target='#interactive-banner-wrap-5820 .ult-new-ib-title'  data-responsive-json-new='{\"font-size\":\"desktop:22px;\",\"line-height\":\"\"}'  style=\"font-weight:normal;color:#ffffff;\">D\u0131\u015f Cephe Temizli\u011fi<\/h2><\/div><a class=\"ult-new-ib-link\" href=\"http:\/\/www.bientemizlik.com.tr\/cozumlerimiz\/dis-cephe-temizligi\"  ><\/a><\/div><script type=\"text\/javascript\">\n\t\t\t(function($){\n\t\t\t\t$(document).ready(function(){\n\t\t\t\t\t$(\".ult-new-ib\").css(\"opacity\",\"1\");\n\t\t\t\t});\n\t\t\t})(jQuery);\n\t\t\t<\/script><div class=\"ult-new-ib ult-ib-effect-style15  ult-ib-resp  \" data-min-width=\"768\" data-max-width=\"900\" style=\"\" data-opacity=\"0.8\" data-hover-opacity=\"0.9\" ><img decoding=\"async\" class=\"ult-new-ib-img\" style=\"opacity:0.8;\" alt=\"null\" src=\"https:\/\/www.bientemizlik.com.tr\/wp-content\/uploads\/2018\/02\/ev-temizligi.jpg\"   \/><div id=\"interactive-banner-wrap-6578\" class=\"ult-new-ib-desc\" style=\"\"><h2 class=\"ult-new-ib-title ult-responsive\"  data-ultimate-target='#interactive-banner-wrap-6578 .ult-new-ib-title'  data-responsive-json-new='{\"font-size\":\"desktop:22px;\",\"line-height\":\"\"}'  style=\"font-weight:normal;color:#ffffff;\">Ev Temizli\u011fi<\/h2><\/div><a class=\"ult-new-ib-link\" href=\"http:\/\/www.bientemizlik.com.tr\/cozumlerimiz\/ev-temizligi\"  ><\/a><\/div><script type=\"text\/javascript\">\n\t\t\t(function($){\n\t\t\t\t$(document).ready(function(){\n\t\t\t\t\t$(\".ult-new-ib\").css(\"opacity\",\"1\");\n\t\t\t\t});\n\t\t\t})(jQuery);\n\t\t\t<\/script>[\/vc_column][vc_column width=&#8221;1\/3&#8243;]<div class=\"ult-new-ib ult-ib-effect-style15  ult-ib-resp  \" data-min-width=\"768\" data-max-width=\"900\" style=\"\" data-opacity=\"0.8\" data-hover-opacity=\"0.9\" ><img decoding=\"async\" class=\"ult-new-ib-img\" style=\"opacity:0.8;\" alt=\"null\" src=\"https:\/\/www.bientemizlik.com.tr\/wp-content\/uploads\/2018\/02\/personel-temini.jpg\"   \/><div id=\"interactive-banner-wrap-8065\" class=\"ult-new-ib-desc\" style=\"\"><h2 class=\"ult-new-ib-title ult-responsive\"  data-ultimate-target='#interactive-banner-wrap-8065 .ult-new-ib-title'  data-responsive-json-new='{\"font-size\":\"desktop:22px;\",\"line-height\":\"\"}'  style=\"font-weight:normal;color:#ffffff;\">Personel Temini<\/h2><\/div><a class=\"ult-new-ib-link\" href=\"http:\/\/www.bientemizlik.com.tr\/cozumlerimiz\/personel-temini\"  ><\/a><\/div><script type=\"text\/javascript\">\n\t\t\t(function($){\n\t\t\t\t$(document).ready(function(){\n\t\t\t\t\t$(\".ult-new-ib\").css(\"opacity\",\"1\");\n\t\t\t\t});\n\t\t\t})(jQuery);\n\t\t\t<\/script><div class=\"ult-new-ib ult-ib-effect-style15  ult-ib-resp  \" data-min-width=\"768\" data-max-width=\"900\" style=\"\" data-opacity=\"0.8\" data-hover-opacity=\"0.9\" ><img decoding=\"async\" class=\"ult-new-ib-img\" style=\"opacity:0.8;\" alt=\"null\" src=\"https:\/\/www.bientemizlik.com.tr\/wp-content\/uploads\/2018\/02\/fabrika-temizligi.jpg\"   \/><div id=\"interactive-banner-wrap-9743\" class=\"ult-new-ib-desc\" style=\"\"><h2 class=\"ult-new-ib-title ult-responsive\"  data-ultimate-target='#interactive-banner-wrap-9743 .ult-new-ib-title'  data-responsive-json-new='{\"font-size\":\"desktop:22px;\",\"line-height\":\"\"}'  style=\"font-weight:normal;color:#ffffff;\">Fabrika Temizli\u011fi<\/h2><\/div><a class=\"ult-new-ib-link\" href=\"http:\/\/www.bientemizlik.com.tr\/cozumlerimiz\/fabrika-temizligi\"  ><\/a><\/div><script type=\"text\/javascript\">\n\t\t\t(function($){\n\t\t\t\t$(document).ready(function(){\n\t\t\t\t\t$(\".ult-new-ib\").css(\"opacity\",\"1\");\n\t\t\t\t});\n\t\t\t})(jQuery);\n\t\t\t<\/script>[\/vc_column][\/vc_row][vc_row][vc_column][vc_separator][\/vc_column][\/vc_row][vc_row][vc_column offset=&#8221;vc_hidden-sm vc_hidden-xs&#8221; css=&#8221;.vc_custom_1519590559951{margin-bottom: -25px !important;}&#8221;]<div id=\"ult-carousel-145332805069e5d4309ced6\" class=\"ult-carousel-wrapper  vc_custom_1519582833547  ult_horizontal\" data-gutter=\"15\" data-rtl=\"false\" ><div class=\"ult-carousel-69238115669e5d4309cdc6 \" >[vc_single_image image=&#8221;1291&#8243; img_size=&#8221;full&#8221; alignment=&#8221;center&#8221; onclick=&#8221;custom_link&#8221; link=&#8221;http:\/\/www.bientemizlik.com.tr\/referanslarimiz&#8221;][vc_single_image image=&#8221;999&#8243; img_size=&#8221;full&#8221; alignment=&#8221;center&#8221; onclick=&#8221;custom_link&#8221; link=&#8221;http:\/\/www.bientemizlik.com.tr\/referanslarimiz&#8221;][vc_single_image image=&#8221;1000&#8243; img_size=&#8221;full&#8221; alignment=&#8221;center&#8221; onclick=&#8221;custom_link&#8221; link=&#8221;http:\/\/www.bientemizlik.com.tr\/referanslarimiz&#8221;][vc_single_image image=&#8221;1001&#8243; img_size=&#8221;full&#8221; alignment=&#8221;center&#8221; onclick=&#8221;custom_link&#8221; link=&#8221;http:\/\/www.bientemizlik.com.tr\/referanslarimiz&#8221;][vc_single_image image=&#8221;1002&#8243; img_size=&#8221;full&#8221; alignment=&#8221;center&#8221; onclick=&#8221;custom_link&#8221; link=&#8221;http:\/\/www.bientemizlik.com.tr\/referanslarimiz&#8221;][vc_single_image image=&#8221;1003&#8243; img_size=&#8221;full&#8221; alignment=&#8221;center&#8221; onclick=&#8221;custom_link&#8221; link=&#8221;http:\/\/www.bientemizlik.com.tr\/referanslarimiz&#8221;][vc_single_image image=&#8221;1004&#8243; img_size=&#8221;full&#8221; alignment=&#8221;center&#8221; onclick=&#8221;custom_link&#8221; link=&#8221;http:\/\/www.bientemizlik.com.tr\/referanslarimiz&#8221;][vc_single_image image=&#8221;1005&#8243; img_size=&#8221;full&#8221; alignment=&#8221;center&#8221; onclick=&#8221;custom_link&#8221; link=&#8221;http:\/\/www.bientemizlik.com.tr\/referanslarimiz&#8221;][vc_single_image image=&#8221;1006&#8243; img_size=&#8221;full&#8221; alignment=&#8221;center&#8221; onclick=&#8221;custom_link&#8221; link=&#8221;http:\/\/www.bientemizlik.com.tr\/referanslarimiz&#8221;][vc_single_image image=&#8221;1007&#8243; img_size=&#8221;full&#8221; alignment=&#8221;center&#8221; onclick=&#8221;custom_link&#8221; link=&#8221;http:\/\/www.bientemizlik.com.tr\/referanslarimiz&#8221;][vc_single_image image=&#8221;1008&#8243; img_size=&#8221;full&#8221; alignment=&#8221;center&#8221; onclick=&#8221;custom_link&#8221; link=&#8221;http:\/\/www.bientemizlik.com.tr\/referanslarimiz&#8221;][vc_single_image image=&#8221;1009&#8243; img_size=&#8221;full&#8221; alignment=&#8221;center&#8221; onclick=&#8221;custom_link&#8221; link=&#8221;http:\/\/www.bientemizlik.com.tr\/referanslarimiz&#8221;][vc_single_image image=&#8221;1010&#8243; img_size=&#8221;full&#8221; alignment=&#8221;center&#8221; onclick=&#8221;custom_link&#8221; link=&#8221;http:\/\/www.bientemizlik.com.tr\/referanslarimiz&#8221;][vc_single_image image=&#8221;1011&#8243; img_size=&#8221;full&#8221; alignment=&#8221;center&#8221; onclick=&#8221;custom_link&#8221; link=&#8221;http:\/\/www.bientemizlik.com.tr\/referanslarimiz&#8221;][vc_single_image image=&#8221;1012&#8243; img_size=&#8221;full&#8221; alignment=&#8221;center&#8221; onclick=&#8221;custom_link&#8221; link=&#8221;http:\/\/www.bientemizlik.com.tr\/referanslarimiz&#8221;][vc_single_image image=&#8221;1013&#8243; img_size=&#8221;full&#8221; alignment=&#8221;center&#8221; onclick=&#8221;custom_link&#8221; link=&#8221;http:\/\/www.bientemizlik.com.tr\/referanslarimiz&#8221;][vc_single_image image=&#8221;1014&#8243; img_size=&#8221;full&#8221; alignment=&#8221;center&#8221; onclick=&#8221;custom_link&#8221; link=&#8221;http:\/\/www.bientemizlik.com.tr\/referanslarimiz&#8221;][vc_single_image image=&#8221;1016&#8243; img_size=&#8221;full&#8221; alignment=&#8221;center&#8221; onclick=&#8221;custom_link&#8221; link=&#8221;http:\/\/www.bientemizlik.com.tr\/referanslarimiz&#8221;][vc_single_image image=&#8221;1015&#8243; img_size=&#8221;full&#8221; alignment=&#8221;center&#8221; onclick=&#8221;custom_link&#8221; link=&#8221;http:\/\/www.bientemizlik.com.tr\/referanslarimiz&#8221;][vc_single_image image=&#8221;1018&#8243; img_size=&#8221;full&#8221; alignment=&#8221;center&#8221; onclick=&#8221;custom_link&#8221; link=&#8221;http:\/\/www.bientemizlik.com.tr\/referanslarimiz&#8221;][vc_single_image image=&#8221;1017&#8243; img_size=&#8221;full&#8221; alignment=&#8221;center&#8221; onclick=&#8221;custom_link&#8221; link=&#8221;http:\/\/www.bientemizlik.com.tr\/referanslarimiz&#8221;][vc_single_image image=&#8221;1228&#8243; img_size=&#8221;full&#8221; alignment=&#8221;center&#8221; onclick=&#8221;custom_link&#8221; link=&#8221;http:\/\/www.bientemizlik.com.tr\/referanslarimiz&#8221;][vc_single_image image=&#8221;1229&#8243; img_size=&#8221;full&#8221; alignment=&#8221;center&#8221; onclick=&#8221;custom_link&#8221; link=&#8221;http:\/\/www.bientemizlik.com.tr\/referanslarimiz&#8221;][vc_single_image image=&#8221;1229&#8243; img_size=&#8221;full&#8221; alignment=&#8221;center&#8221; onclick=&#8221;custom_link&#8221; link=&#8221;http:\/\/www.bientemizlik.com.tr\/referanslarimiz&#8221;][vc_single_image image=&#8221;1235&#8243; img_size=&#8221;full&#8221; alignment=&#8221;center&#8221; onclick=&#8221;custom_link&#8221; link=&#8221;http:\/\/www.bientemizlik.com.tr\/referanslarimiz&#8221;][vc_single_image image=&#8221;1248&#8243; img_size=&#8221;full&#8221; alignment=&#8221;center&#8221; onclick=&#8221;custom_link&#8221; link=&#8221;http:\/\/www.bientemizlik.com.tr\/referanslarimiz&#8221;][vc_single_image image=&#8221;1249&#8243; img_size=&#8221;full&#8221; alignment=&#8221;center&#8221; onclick=&#8221;custom_link&#8221; link=&#8221;http:\/\/www.bientemizlik.com.tr\/referanslarimiz&#8221;]<\/div><\/div>\t\t\t<script type=\"text\/javascript\">\n\t\t\t\tjQuery(document).ready(function ($) {\n\t\t\t\t\tif( typeof jQuery('.ult-carousel-69238115669e5d4309cdc6').slick == \"function\"){\n\t\t\t\t\t\t$('.ult-carousel-69238115669e5d4309cdc6').slick({dots: false,autoplay: true,autoplaySpeed: 3000,speed: 300,infinite: true,arrows: false,slidesToScroll:1,slidesToShow:5,swipe: true,draggable: true,touchMove: true,pauseOnHover: true,responsive: [\n\t\t\t\t\t\t\t{\n\t\t\t\t\t\t\t  breakpoint: 1025,\n\t\t\t\t\t\t\t  settings: {\n\t\t\t\t\t\t\t\tslidesToShow: 5,\n\t\t\t\t\t\t\t\tslidesToScroll: 1,  \n\t\t\t\t\t\t\t  }\n\t\t\t\t\t\t\t},\n\t\t\t\t\t\t\t{\n\t\t\t\t\t\t\t  breakpoint: 769,\n\t\t\t\t\t\t\t  settings: {\n\t\t\t\t\t\t\t\tslidesToShow: 3,\n\t\t\t\t\t\t\t\tslidesToScroll: 3\n\t\t\t\t\t\t\t  }\n\t\t\t\t\t\t\t},\n\t\t\t\t\t\t\t{\n\t\t\t\t\t\t\t  breakpoint: 481,\n\t\t\t\t\t\t\t  settings: {\n\t\t\t\t\t\t\t\tslidesToShow: 2,\n\t\t\t\t\t\t\t\tslidesToScroll: 2\n\t\t\t\t\t\t\t  }\n\t\t\t\t\t\t\t}\n\t\t\t\t\t\t],pauseOnDotsHover: true,customPaging: function(slider, i) {\n                   return '<i type=\"button\" style= \"color:#333333;\" class=\"ultsl-record\" data-role=\"none\"><\/i>';\n                },});\n\t\t\t\t\t}\n\t\t\t\t});\n\t\t\t<\/script>\n\t\t\t[\/vc_column][\/vc_row][vc_row][vc_column offset=&#8221;vc_hidden-lg vc_hidden-md&#8221; css=&#8221;.vc_custom_1519589314530{margin-bottom: -50px !important;}&#8221;]<div id=\"ult-carousel-107888107669e5d4309cf9a\" class=\"ult-carousel-wrapper  vc_custom_1519582833547  ult_horizontal\" data-gutter=\"15\" data-rtl=\"false\" ><div class=\"ult-carousel-81459737069e5d4309cf79 \" >[vc_single_image image=&#8221;999&#8243; img_size=&#8221;full&#8221; alignment=&#8221;center&#8221; onclick=&#8221;custom_link&#8221; link=&#8221;http:\/\/www.bientemizlik.com.tr\/referanslarimiz&#8221;][vc_single_image image=&#8221;1000&#8243; img_size=&#8221;full&#8221; alignment=&#8221;center&#8221; onclick=&#8221;custom_link&#8221; link=&#8221;http:\/\/www.bientemizlik.com.tr\/referanslarimiz&#8221;][vc_single_image image=&#8221;1001&#8243; img_size=&#8221;full&#8221; alignment=&#8221;center&#8221; onclick=&#8221;custom_link&#8221; link=&#8221;http:\/\/www.bientemizlik.com.tr\/referanslarimiz&#8221;][vc_single_image image=&#8221;1002&#8243; img_size=&#8221;full&#8221; alignment=&#8221;center&#8221; onclick=&#8221;custom_link&#8221; link=&#8221;http:\/\/www.bientemizlik.com.tr\/referanslarimiz&#8221;][vc_single_image image=&#8221;1003&#8243; img_size=&#8221;full&#8221; alignment=&#8221;center&#8221; onclick=&#8221;custom_link&#8221; link=&#8221;http:\/\/www.bientemizlik.com.tr\/referanslarimiz&#8221;][vc_single_image image=&#8221;1004&#8243; img_size=&#8221;full&#8221; alignment=&#8221;center&#8221; onclick=&#8221;custom_link&#8221; link=&#8221;http:\/\/www.bientemizlik.com.tr\/referanslarimiz&#8221;][vc_single_image image=&#8221;1005&#8243; img_size=&#8221;full&#8221; alignment=&#8221;center&#8221; onclick=&#8221;custom_link&#8221; link=&#8221;http:\/\/www.bientemizlik.com.tr\/referanslarimiz&#8221;][vc_single_image image=&#8221;1006&#8243; img_size=&#8221;full&#8221; alignment=&#8221;center&#8221; onclick=&#8221;custom_link&#8221; link=&#8221;http:\/\/www.bientemizlik.com.tr\/referanslarimiz&#8221;][vc_single_image image=&#8221;1007&#8243; img_size=&#8221;full&#8221; alignment=&#8221;center&#8221; onclick=&#8221;custom_link&#8221; link=&#8221;http:\/\/www.bientemizlik.com.tr\/referanslarimiz&#8221;][vc_single_image image=&#8221;1008&#8243; img_size=&#8221;full&#8221; alignment=&#8221;center&#8221; onclick=&#8221;custom_link&#8221; link=&#8221;http:\/\/www.bientemizlik.com.tr\/referanslarimiz&#8221;][vc_single_image image=&#8221;1009&#8243; img_size=&#8221;full&#8221; alignment=&#8221;center&#8221; onclick=&#8221;custom_link&#8221; link=&#8221;http:\/\/www.bientemizlik.com.tr\/referanslarimiz&#8221;][vc_single_image image=&#8221;1010&#8243; img_size=&#8221;full&#8221; alignment=&#8221;center&#8221; onclick=&#8221;custom_link&#8221; link=&#8221;http:\/\/www.bientemizlik.com.tr\/referanslarimiz&#8221;][vc_single_image image=&#8221;1011&#8243; img_size=&#8221;full&#8221; alignment=&#8221;center&#8221; onclick=&#8221;custom_link&#8221; link=&#8221;http:\/\/www.bientemizlik.com.tr\/referanslarimiz&#8221;][vc_single_image image=&#8221;1012&#8243; img_size=&#8221;full&#8221; alignment=&#8221;center&#8221; onclick=&#8221;custom_link&#8221; link=&#8221;http:\/\/www.bientemizlik.com.tr\/referanslarimiz&#8221;][vc_single_image image=&#8221;1013&#8243; img_size=&#8221;full&#8221; alignment=&#8221;center&#8221; onclick=&#8221;custom_link&#8221; link=&#8221;http:\/\/www.bientemizlik.com.tr\/referanslarimiz&#8221;][vc_single_image image=&#8221;1014&#8243; img_size=&#8221;full&#8221; alignment=&#8221;center&#8221; onclick=&#8221;custom_link&#8221; link=&#8221;http:\/\/www.bientemizlik.com.tr\/referanslarimiz&#8221;][vc_single_image image=&#8221;1016&#8243; img_size=&#8221;full&#8221; alignment=&#8221;center&#8221; onclick=&#8221;custom_link&#8221; link=&#8221;http:\/\/www.bientemizlik.com.tr\/referanslarimiz&#8221;][vc_single_image image=&#8221;1015&#8243; img_size=&#8221;full&#8221; alignment=&#8221;center&#8221; onclick=&#8221;custom_link&#8221; link=&#8221;http:\/\/www.bientemizlik.com.tr\/referanslarimiz&#8221;][vc_single_image image=&#8221;1018&#8243; img_size=&#8221;full&#8221; alignment=&#8221;center&#8221; onclick=&#8221;custom_link&#8221; link=&#8221;http:\/\/www.bientemizlik.com.tr\/referanslarimiz&#8221;][vc_single_image image=&#8221;1017&#8243; img_size=&#8221;full&#8221; alignment=&#8221;center&#8221; onclick=&#8221;custom_link&#8221; link=&#8221;http:\/\/www.bientemizlik.com.tr\/referanslarimiz&#8221;][vc_single_image image=&#8221;1228&#8243; img_size=&#8221;full&#8221; alignment=&#8221;center&#8221; onclick=&#8221;custom_link&#8221; link=&#8221;http:\/\/www.bientemizlik.com.tr\/referanslarimiz&#8221;][vc_single_image image=&#8221;1229&#8243; img_size=&#8221;full&#8221; alignment=&#8221;center&#8221; onclick=&#8221;custom_link&#8221; link=&#8221;http:\/\/www.bientemizlik.com.tr\/referanslarimiz&#8221;][vc_single_image image=&#8221;1235&#8243; img_size=&#8221;full&#8221; alignment=&#8221;center&#8221; onclick=&#8221;custom_link&#8221; link=&#8221;http:\/\/www.bientemizlik.com.tr\/referanslarimiz&#8221;][vc_single_image image=&#8221;1248&#8243; img_size=&#8221;full&#8221; alignment=&#8221;center&#8221; onclick=&#8221;custom_link&#8221; link=&#8221;http:\/\/www.bientemizlik.com.tr\/referanslarimiz&#8221;][vc_single_image image=&#8221;1249&#8243; img_size=&#8221;full&#8221; alignment=&#8221;center&#8221; onclick=&#8221;custom_link&#8221; link=&#8221;http:\/\/www.bientemizlik.com.tr\/referanslarimiz&#8221;]<\/div><\/div>\t\t\t<script type=\"text\/javascript\">\n\t\t\t\tjQuery(document).ready(function ($) {\n\t\t\t\t\tif( typeof jQuery('.ult-carousel-81459737069e5d4309cf79').slick == \"function\"){\n\t\t\t\t\t\t$('.ult-carousel-81459737069e5d4309cf79').slick({dots: false,autoplay: true,autoplaySpeed: 3000,speed: 300,infinite: true,arrows: false,slidesToScroll:1,slidesToShow:5,swipe: true,draggable: true,touchMove: true,pauseOnHover: true,responsive: [\n\t\t\t\t\t\t\t{\n\t\t\t\t\t\t\t  breakpoint: 1025,\n\t\t\t\t\t\t\t  settings: {\n\t\t\t\t\t\t\t\tslidesToShow: 5,\n\t\t\t\t\t\t\t\tslidesToScroll: 1,  \n\t\t\t\t\t\t\t  }\n\t\t\t\t\t\t\t},\n\t\t\t\t\t\t\t{\n\t\t\t\t\t\t\t  breakpoint: 769,\n\t\t\t\t\t\t\t  settings: {\n\t\t\t\t\t\t\t\tslidesToShow: 3,\n\t\t\t\t\t\t\t\tslidesToScroll: 3\n\t\t\t\t\t\t\t  }\n\t\t\t\t\t\t\t},\n\t\t\t\t\t\t\t{\n\t\t\t\t\t\t\t  breakpoint: 481,\n\t\t\t\t\t\t\t  settings: {\n\t\t\t\t\t\t\t\tslidesToShow: 2,\n\t\t\t\t\t\t\t\tslidesToScroll: 2\n\t\t\t\t\t\t\t  }\n\t\t\t\t\t\t\t}\n\t\t\t\t\t\t],pauseOnDotsHover: true,customPaging: function(slider, i) {\n                   return '<i type=\"button\" style= \"color:#333333;\" class=\"ultsl-record\" data-role=\"none\"><\/i>';\n                },});\n\t\t\t\t\t}\n\t\t\t\t});\n\t\t\t<\/script>\n\t\t\t[\/vc_column][\/vc_row]<\/p>\n","protected":false},"excerpt":{"rendered":"<p>[vc_row full_width=&#8221;stretch_row_content_no_spaces&#8221; css=&#8221;.vc_custom_1519590764019{margin-top: -90px !important;}&#8221;][vc_column][rev_slider_vc alias=&#8221;slayt&#8221;][\/vc_column][\/vc_row][vc_row css=&#8221;.vc_custom_1519582484922{padding-bottom: 15px !important;}&#8221;][vc_column][vc_custom_heading text=&#8221;Deneyimli Kadromuzla Temizlik Alan\u0131nda Fark Yarat\u0131yoruz.&#8221; font_container=&#8221;tag:h2|font_size:32|text_align:center|color:%231e73be|line_height:1&#8243; google_fonts=&#8221;font_family:Lobster%3Aregular|font_style:400%20regular%3A400%3Anormal&#8221;][\/vc_column][\/vc_row][vc_row][vc_column][vc_separator][\/vc_column][\/vc_row][vc_row][vc_column width=&#8221;1\/3&#8243;][\/vc_column][vc_column width=&#8221;1\/3&#8243;][\/vc_column][vc_column width=&#8221;1\/3&#8243;][\/vc_column][\/vc_row][vc_row][vc_column][vc_separator][\/vc_column][\/vc_row][vc_row][vc_column offset=&#8221;vc_hidden-sm vc_hidden-xs&#8221; css=&#8221;.vc_custom_1519590559951{margin-bottom: -25px !important;}&#8221;][\/vc_column][\/vc_row][vc_row][vc_column offset=&#8221;vc_hidden-lg vc_hidden-md&#8221; css=&#8221;.vc_custom_1519589314530{margin-bottom: -50px !important;}&#8221;][\/vc_column][\/vc_row]<\/p>\n","protected":false},"author":1,"featured_media":0,"parent":0,"menu_order":0,"comment_status":"closed","ping_status":"closed","template":"","meta":{"_acf_changed":false,"ngg_post_thumbnail":0,"footnotes":""},"acf":[],"_links":{"self":[{"href":"https:\/\/www.bientemizlik.com.tr\/index.php?rest_route=\/wp\/v2\/pages\/6"}],"collection":[{"href":"https:\/\/www.bientemizlik.com.tr\/index.php?rest_route=\/wp\/v2\/pages"}],"about":[{"href":"https:\/\/www.bientemizlik.com.tr\/index.php?rest_route=\/wp\/v2\/types\/page"}],"author":[{"embeddable":true,"href":"https:\/\/www.bientemizlik.com.tr\/index.php?rest_route=\/wp\/v2\/users\/1"}],"replies":[{"embeddable":true,"href":"https:\/\/www.bientemizlik.com.tr\/index.php?rest_route=%2Fwp%2Fv2%2Fcomments&post=6"}],"version-history":[{"count":67,"href":"https:\/\/www.bientemizlik.com.tr\/index.php?rest_route=\/wp\/v2\/pages\/6\/revisions"}],"predecessor-version":[{"id":1292,"href":"https:\/\/www.bientemizlik.com.tr\/index.php?rest_route=\/wp\/v2\/pages\/6\/revisions\/1292"}],"wp:attachment":[{"href":"https:\/\/www.bientemizlik.com.tr\/index.php?rest_route=%2Fwp%2Fv2%2Fmedia&parent=6"}],"curies":[{"name":"wp","href":"https:\/\/api.w.org\/{rel}","templated":true}]}}