{"id":61,"date":"2016-04-20T07:03:49","date_gmt":"2016-04-20T04:03:49","guid":{"rendered":"https:\/\/xml-io.proteusthemes.com\/bolts\/?page_id=61"},"modified":"2018-02-25T21:45:41","modified_gmt":"2018-02-25T18:45:41","slug":"ofis-temizligi","status":"publish","type":"page","link":"https:\/\/www.bientemizlik.com.tr\/?page_id=61","title":{"rendered":"Ofis Temizli\u011fi"},"content":{"rendered":"<p>[vc_row][vc_column width=&#8221;1\/3&#8243;][vc_single_image image=&#8221;1067&#8243; img_size=&#8221;full&#8221; alignment=&#8221;center&#8221;][\/vc_column][vc_column width=&#8221;2\/3&#8243;][vc_column_text]\u0130\u015f yerlerindeki \u00e7al\u0131\u015fanlar pis bir ortamda motive olamazlar. Temizlik \u00e7al\u0131\u015fanlar taraf\u0131ndan yap\u0131lmas\u0131 istendi\u011finde personel bunu bir y\u00fck olarak g\u00f6rmekte ve i\u015finede tam yo\u011funla\u015famamaktad\u0131r. Bu \u00fcretilen hizmet yada \u00fcr\u00fcn\u00fc etkilemektedir.<\/p>\n<p>Temizlik hizmeti \u015firketlere devredilmesi halinde profesyonel personeller taraf\u0131ndan daha uygun maliyetler ile i\u015fletmeye sunulabilmektedir. Bu \u00fcretimede pozitif y\u00f6nde etki yapmaktad\u0131r.[\/vc_column_text][\/vc_column][\/vc_row]<\/p>\n","protected":false},"excerpt":{"rendered":"<p>Design that matters and last<\/p>\n","protected":false},"author":1,"featured_media":148,"parent":25,"menu_order":0,"comment_status":"closed","ping_status":"closed","template":"","meta":{"_acf_changed":false,"ngg_post_thumbnail":0,"footnotes":""},"acf":[],"_links":{"self":[{"href":"https:\/\/www.bientemizlik.com.tr\/index.php?rest_route=\/wp\/v2\/pages\/61"}],"collection":[{"href":"https:\/\/www.bientemizlik.com.tr\/index.php?rest_route=\/wp\/v2\/pages"}],"about":[{"href":"https:\/\/www.bientemizlik.com.tr\/index.php?rest_route=\/wp\/v2\/types\/page"}],"author":[{"embeddable":true,"href":"https:\/\/www.bientemizlik.com.tr\/index.php?rest_route=\/wp\/v2\/users\/1"}],"replies":[{"embeddable":true,"href":"https:\/\/www.bientemizlik.com.tr\/index.php?rest_route=%2Fwp%2Fv2%2Fcomments&post=61"}],"version-history":[{"count":3,"href":"https:\/\/www.bientemizlik.com.tr\/index.php?rest_route=\/wp\/v2\/pages\/61\/revisions"}],"predecessor-version":[{"id":1088,"href":"https:\/\/www.bientemizlik.com.tr\/index.php?rest_route=\/wp\/v2\/pages\/61\/revisions\/1088"}],"up":[{"embeddable":true,"href":"https:\/\/www.bientemizlik.com.tr\/index.php?rest_route=\/wp\/v2\/pages\/25"}],"wp:featuredmedia":[{"embeddable":true,"href":"https:\/\/www.bientemizlik.com.tr\/index.php?rest_route=\/wp\/v2\/media\/148"}],"wp:attachment":[{"href":"https:\/\/www.bientemizlik.com.tr\/index.php?rest_route=%2Fwp%2Fv2%2Fmedia&parent=61"}],"curies":[{"name":"wp","href":"https:\/\/api.w.org\/{rel}","templated":true}]}}