{"id":65,"date":"2016-04-20T07:09:19","date_gmt":"2016-04-20T04:09:19","guid":{"rendered":"https:\/\/xml-io.proteusthemes.com\/bolts\/?page_id=65"},"modified":"2018-02-25T21:47:32","modified_gmt":"2018-02-25T18:47:32","slug":"ev-temizligi","status":"publish","type":"page","link":"https:\/\/www.bientemizlik.com.tr\/?page_id=65","title":{"rendered":"Ev Temizli\u011fi"},"content":{"rendered":"<p>[vc_row][vc_column width=&#8221;1\/3&#8243;][vc_single_image image=&#8221;1068&#8243;][\/vc_column][vc_column width=&#8221;2\/3&#8243;][vc_column_text]Ev temizli\u011fi hizmetinde profesyonelli\u011fi ve kaliteyi ilke edinmi\u015f anlaya\u015f\u0131m\u0131zla hizmet vermekteyiz.<\/p>\n<p>Teknolojik geli\u015fmeler ve bayanlar\u0131n i\u015f hayatlar\u0131nda sorumluluklar\u0131 nedeniyle eve ay\u0131ralabilcek zaman da k\u0131salm\u0131\u015ft\u0131r. \u00c7al\u0131\u015fma hayat\u0131ndan arta kalan zamanlarda temizlikden ziyade ev fertleriyle zaman ge\u00e7irilmek istenmektedir. Bu k\u0131s\u0131mda temizlik \u015firketlerine i\u015f d\u00fc\u015fmektedir. E\u011fitimli elemanlar ve uygun temizlik maddeleriyle profesyonel hizmet veren \u015firketimiz temizlik bizim i\u015fimiz zaman\u0131n\u0131z siz kals\u0131n ilkesiyle siz de\u011ferli m\u00fc\u015fterilerimiz hizmet vermektedir.[\/vc_column_text][\/vc_column][\/vc_row]<\/p>\n","protected":false},"excerpt":{"rendered":"<p>Building with best management processes<\/p>\n","protected":false},"author":1,"featured_media":133,"parent":25,"menu_order":0,"comment_status":"closed","ping_status":"closed","template":"","meta":{"_acf_changed":false,"ngg_post_thumbnail":0,"footnotes":""},"acf":[],"_links":{"self":[{"href":"https:\/\/www.bientemizlik.com.tr\/index.php?rest_route=\/wp\/v2\/pages\/65"}],"collection":[{"href":"https:\/\/www.bientemizlik.com.tr\/index.php?rest_route=\/wp\/v2\/pages"}],"about":[{"href":"https:\/\/www.bientemizlik.com.tr\/index.php?rest_route=\/wp\/v2\/types\/page"}],"author":[{"embeddable":true,"href":"https:\/\/www.bientemizlik.com.tr\/index.php?rest_route=\/wp\/v2\/users\/1"}],"replies":[{"embeddable":true,"href":"https:\/\/www.bientemizlik.com.tr\/index.php?rest_route=%2Fwp%2Fv2%2Fcomments&post=65"}],"version-history":[{"count":4,"href":"https:\/\/www.bientemizlik.com.tr\/index.php?rest_route=\/wp\/v2\/pages\/65\/revisions"}],"predecessor-version":[{"id":1090,"href":"https:\/\/www.bientemizlik.com.tr\/index.php?rest_route=\/wp\/v2\/pages\/65\/revisions\/1090"}],"up":[{"embeddable":true,"href":"https:\/\/www.bientemizlik.com.tr\/index.php?rest_route=\/wp\/v2\/pages\/25"}],"wp:featuredmedia":[{"embeddable":true,"href":"https:\/\/www.bientemizlik.com.tr\/index.php?rest_route=\/wp\/v2\/media\/133"}],"wp:attachment":[{"href":"https:\/\/www.bientemizlik.com.tr\/index.php?rest_route=%2Fwp%2Fv2%2Fmedia&parent=65"}],"curies":[{"name":"wp","href":"https:\/\/api.w.org\/{rel}","templated":true}]}}