{"id":68,"date":"2016-04-20T07:13:30","date_gmt":"2016-04-20T04:13:30","guid":{"rendered":"https:\/\/xml-io.proteusthemes.com\/bolts\/?page_id=68"},"modified":"2018-02-25T21:49:05","modified_gmt":"2018-02-25T18:49:05","slug":"fabrika-temizligi","status":"publish","type":"page","link":"https:\/\/www.bientemizlik.com.tr\/?page_id=68","title":{"rendered":"Fabrika Temizli\u011fi"},"content":{"rendered":"<p>[vc_row][vc_column width=&#8221;1\/3&#8243;][vc_single_image image=&#8221;1069&#8243; img_size=&#8221;full&#8221; alignment=&#8221;center&#8221;][\/vc_column][vc_column width=&#8221;2\/3&#8243;][vc_column_text]Fabrika Temizli\u011fi profesyonellik ve tecr\u00fcbe gerektirir. Fabrika temizlik hizmetlerinize uzman kadromuz ve teknolojik alt yap\u0131m\u0131zla 1. s\u0131n\u0131f kalitede hizmet vermekteyiz. \u00d6ncelikle \u00fccretsiz ekspertiz sizleri fabrikan\u0131zda ziyaret ederek sa\u011fl\u0131k bir \u00e7al\u0131\u015fma program\u0131 \u00e7\u0131kar\u0131r bu do\u011frultuda fiyat \u00e7al\u0131\u015fmas\u0131 yap\u0131larak sizlere teklif sunulur. Anla\u015fma sa\u011fland\u0131ktan sonra fabrikan\u0131z \u00f6zenle temizlenir; fabrika temizli\u011fi \u00e7ok iyi bir \u00e7al\u0131\u015fma istemektedir, ya\u011fl\u0131 ve pis \u00e7al\u0131\u015fma alanlar\u0131 \u00f6zel malzemelerle itina ila temizlenir.[\/vc_column_text][\/vc_column][\/vc_row]<\/p>\n","protected":false},"excerpt":{"rendered":"<p>Flexibility for projects with short lead times<\/p>\n","protected":false},"author":1,"featured_media":275,"parent":25,"menu_order":0,"comment_status":"closed","ping_status":"closed","template":"","meta":{"_acf_changed":false,"ngg_post_thumbnail":0,"footnotes":""},"acf":[],"_links":{"self":[{"href":"https:\/\/www.bientemizlik.com.tr\/index.php?rest_route=\/wp\/v2\/pages\/68"}],"collection":[{"href":"https:\/\/www.bientemizlik.com.tr\/index.php?rest_route=\/wp\/v2\/pages"}],"about":[{"href":"https:\/\/www.bientemizlik.com.tr\/index.php?rest_route=\/wp\/v2\/types\/page"}],"author":[{"embeddable":true,"href":"https:\/\/www.bientemizlik.com.tr\/index.php?rest_route=\/wp\/v2\/users\/1"}],"replies":[{"embeddable":true,"href":"https:\/\/www.bientemizlik.com.tr\/index.php?rest_route=%2Fwp%2Fv2%2Fcomments&post=68"}],"version-history":[{"count":3,"href":"https:\/\/www.bientemizlik.com.tr\/index.php?rest_route=\/wp\/v2\/pages\/68\/revisions"}],"predecessor-version":[{"id":1091,"href":"https:\/\/www.bientemizlik.com.tr\/index.php?rest_route=\/wp\/v2\/pages\/68\/revisions\/1091"}],"up":[{"embeddable":true,"href":"https:\/\/www.bientemizlik.com.tr\/index.php?rest_route=\/wp\/v2\/pages\/25"}],"wp:featuredmedia":[{"embeddable":true,"href":"https:\/\/www.bientemizlik.com.tr\/index.php?rest_route=\/wp\/v2\/media\/275"}],"wp:attachment":[{"href":"https:\/\/www.bientemizlik.com.tr\/index.php?rest_route=%2Fwp%2Fv2%2Fmedia&parent=68"}],"curies":[{"name":"wp","href":"https:\/\/api.w.org\/{rel}","templated":true}]}}