{"id":71,"date":"2016-04-20T07:16:35","date_gmt":"2016-04-20T04:16:35","guid":{"rendered":"https:\/\/xml-io.proteusthemes.com\/bolts\/?page_id=71"},"modified":"2018-02-25T21:44:14","modified_gmt":"2018-02-25T18:44:14","slug":"dis-cephe-temizligi","status":"publish","type":"page","link":"https:\/\/www.bientemizlik.com.tr\/?page_id=71","title":{"rendered":"D\u0131\u015f Cephe Temizli\u011fi"},"content":{"rendered":"<p>[vc_row][vc_column width=&#8221;1\/3&#8243;][vc_single_image image=&#8221;1064&#8243; img_size=&#8221;full&#8221; alignment=&#8221;center&#8221;][\/vc_column][vc_column width=&#8221;2\/3&#8243;][vc_column_text]Y\u00fcksek katl\u0131 konut ve ofislerde d\u0131\u015f cephe camlar\u0131n\u0131n temizli\u011fi \u00e7ok \u00f6nemlidir. \u0130\u015finin uzman\u0131 bir temizlik firmas\u0131ndan al\u0131nacak \u00e7\u00f6z\u00fcm ortakl\u0131\u011f\u0131 ile d\u0131\u015f cephe temizli\u011fi kusursuz bir \u015fekilde tamamlanabilir. Bir \u00e7ok y\u00fcksek katl\u0131 rezidans ve ofislerde pencere camlar\u0131 g\u00fcvenlik ve bina stati\u011fine zarar verece\u011fi gerek\u00e7esi ile sabit olarak yap\u0131lm\u0131\u015ft\u0131r. Bu gibi durumlarda binan\u0131n pencerelerinin d\u0131\u015far\u0131dan temizlenmesi gerekmektedir. D\u0131\u015f cephe cam temizli\u011fi yap\u0131l\u0131rken de se\u00e7ilecek firman\u0131n bu konuda bilgili, deneyimli ve g\u00fcvenilir referanslara sahip olmas\u0131 \u00e7ok \u00f6nemlidir.[\/vc_column_text][\/vc_column][\/vc_row]<\/p>\n","protected":false},"excerpt":{"rendered":"<p>Adding permanant or temporary comfort<\/p>\n","protected":false},"author":1,"featured_media":279,"parent":25,"menu_order":0,"comment_status":"closed","ping_status":"closed","template":"","meta":{"_acf_changed":false,"ngg_post_thumbnail":0,"footnotes":""},"acf":[],"_links":{"self":[{"href":"https:\/\/www.bientemizlik.com.tr\/index.php?rest_route=\/wp\/v2\/pages\/71"}],"collection":[{"href":"https:\/\/www.bientemizlik.com.tr\/index.php?rest_route=\/wp\/v2\/pages"}],"about":[{"href":"https:\/\/www.bientemizlik.com.tr\/index.php?rest_route=\/wp\/v2\/types\/page"}],"author":[{"embeddable":true,"href":"https:\/\/www.bientemizlik.com.tr\/index.php?rest_route=\/wp\/v2\/users\/1"}],"replies":[{"embeddable":true,"href":"https:\/\/www.bientemizlik.com.tr\/index.php?rest_route=%2Fwp%2Fv2%2Fcomments&post=71"}],"version-history":[{"count":5,"href":"https:\/\/www.bientemizlik.com.tr\/index.php?rest_route=\/wp\/v2\/pages\/71\/revisions"}],"predecessor-version":[{"id":1087,"href":"https:\/\/www.bientemizlik.com.tr\/index.php?rest_route=\/wp\/v2\/pages\/71\/revisions\/1087"}],"up":[{"embeddable":true,"href":"https:\/\/www.bientemizlik.com.tr\/index.php?rest_route=\/wp\/v2\/pages\/25"}],"wp:featuredmedia":[{"embeddable":true,"href":"https:\/\/www.bientemizlik.com.tr\/index.php?rest_route=\/wp\/v2\/media\/279"}],"wp:attachment":[{"href":"https:\/\/www.bientemizlik.com.tr\/index.php?rest_route=%2Fwp%2Fv2%2Fmedia&parent=71"}],"curies":[{"name":"wp","href":"https:\/\/api.w.org\/{rel}","templated":true}]}}