{"id":75,"date":"2016-04-20T07:18:35","date_gmt":"2016-04-20T04:18:35","guid":{"rendered":"https:\/\/xml-io.proteusthemes.com\/bolts\/?page_id=75"},"modified":"2018-02-25T21:50:58","modified_gmt":"2018-02-25T18:50:58","slug":"personel-temini","status":"publish","type":"page","link":"https:\/\/www.bientemizlik.com.tr\/?page_id=75","title":{"rendered":"Personel Temini"},"content":{"rendered":"<p>[vc_row][vc_column width=&#8221;1\/3&#8243;][vc_single_image image=&#8221;1066&#8243; img_size=&#8221;full&#8221; alignment=&#8221;center&#8221;][\/vc_column][vc_column width=&#8221;2\/3&#8243;][vc_column_text]G\u00fcn\u00fcm\u00fcz i\u015f d\u00fcnyas\u0131n\u0131n en temel ihtiya\u00e7lar\u0131ndan biride profesyonel yeti\u015fmi\u015f i\u015f g\u00fcc\u00fcn\u00fcn gerekti\u011fi zaman ve yerde bulunamamas\u0131d\u0131r.<\/p>\n<p>Uzman kadromuz arzu etti\u011finiz nitelikte ve kariyerde e\u011fitimli part &#8211; time; full time; sezonluk \u00e7al\u0131\u015fabilecek olan personeller bulmaktad\u0131r.[\/vc_column_text][\/vc_column][\/vc_row]<\/p>\n","protected":false},"excerpt":{"rendered":"<p>The nation\u2019s first electrical service company<\/p>\n","protected":false},"author":1,"featured_media":260,"parent":25,"menu_order":0,"comment_status":"closed","ping_status":"closed","template":"","meta":{"_acf_changed":false,"ngg_post_thumbnail":0,"footnotes":""},"acf":[],"_links":{"self":[{"href":"https:\/\/www.bientemizlik.com.tr\/index.php?rest_route=\/wp\/v2\/pages\/75"}],"collection":[{"href":"https:\/\/www.bientemizlik.com.tr\/index.php?rest_route=\/wp\/v2\/pages"}],"about":[{"href":"https:\/\/www.bientemizlik.com.tr\/index.php?rest_route=\/wp\/v2\/types\/page"}],"author":[{"embeddable":true,"href":"https:\/\/www.bientemizlik.com.tr\/index.php?rest_route=\/wp\/v2\/users\/1"}],"replies":[{"embeddable":true,"href":"https:\/\/www.bientemizlik.com.tr\/index.php?rest_route=%2Fwp%2Fv2%2Fcomments&post=75"}],"version-history":[{"count":4,"href":"https:\/\/www.bientemizlik.com.tr\/index.php?rest_route=\/wp\/v2\/pages\/75\/revisions"}],"predecessor-version":[{"id":1093,"href":"https:\/\/www.bientemizlik.com.tr\/index.php?rest_route=\/wp\/v2\/pages\/75\/revisions\/1093"}],"up":[{"embeddable":true,"href":"https:\/\/www.bientemizlik.com.tr\/index.php?rest_route=\/wp\/v2\/pages\/25"}],"wp:featuredmedia":[{"embeddable":true,"href":"https:\/\/www.bientemizlik.com.tr\/index.php?rest_route=\/wp\/v2\/media\/260"}],"wp:attachment":[{"href":"https:\/\/www.bientemizlik.com.tr\/index.php?rest_route=%2Fwp%2Fv2%2Fmedia&parent=75"}],"curies":[{"name":"wp","href":"https:\/\/api.w.org\/{rel}","templated":true}]}}